{"id":705,"date":"2022-04-01T11:42:21","date_gmt":"2022-04-01T10:42:21","guid":{"rendered":"https:\/\/institutdelgenoll.com\/sindrome-rotuliano\/"},"modified":"2022-04-28T10:03:00","modified_gmt":"2022-04-28T09:03:00","slug":"sindrome-rotuliano","status":"publish","type":"page","link":"https:\/\/institutdelgenoll.com\/es\/sindrome-rotuliano\/","title":{"rendered":"S\u00edndrome rotuliano doloroso"},"content":{"rendered":"<p>[et_pb_section fb_built=\u00bb1&#8243; admin_label=\u00bbHero\u00bb _builder_version=\u00bb4.14.8&#8243; background_color=\u00bb#f1f5f7&#8243; custom_padding=\u00bb70px|0px|70px|0px|true|false\u00bb bottom_divider_height=\u00bb0px\u00bb border_radii=\u00bboff|||300px|\u00bb global_colors_info=\u00bb{}\u00bb][et_pb_row _builder_version=\u00bb3.25&#8243; custom_margin=\u00bb|||\u00bb custom_margin_tablet=\u00bb||0px|\u00bb custom_margin_last_edited=\u00bboff|desktop\u00bb custom_padding=\u00bb|||\u00bb global_colors_info=\u00bb{}\u00bb][et_pb_column type=\u00bb4_4&#8243; _builder_version=\u00bb3.25&#8243; custom_padding=\u00bb|||\u00bb custom_padding_tablet=\u00bb0px|50px|50px|50px\u00bb custom_padding_last_edited=\u00bboff|desktop\u00bb global_colors_info=\u00bb{}\u00bb padding_tablet=\u00bb0px|50px|50px|50px\u00bb padding_last_edited=\u00bboff|desktop\u00bb custom_padding__hover=\u00bb|||\u00bb][et_pb_text _builder_version=\u00bb4.14.8&#8243; text_font=\u00bb|700||on|||||\u00bb text_text_color=\u00bb#677a92&#8243; text_line_height=\u00bb1.8em\u00bb header_font=\u00bb|800|||||||\u00bb header_font_size=\u00bb50px\u00bb header_2_font=\u00bb||||||||\u00bb max_width=\u00bb750px\u00bb custom_margin=\u00bb||0px||false|false\u00bb custom_margin_tablet=\u00bb0px|50px||50px\u00bb custom_margin_phone=\u00bb|20px||\u00bb custom_margin_last_edited=\u00bboff|desktop\u00bb text_line_height_tablet=\u00bb1.8em\u00bb text_line_height_phone=\u00bb1.8em\u00bb text_line_height_last_edited=\u00bbon|phone\u00bb header_font_size_tablet=\u00bb\u00bb header_font_size_phone=\u00bb36px\u00bb header_font_size_last_edited=\u00bbon|phone\u00bb header_2_font_size_last_edited=\u00bboff|desktop\u00bb locked=\u00bboff\u00bb global_colors_info=\u00bb{}\u00bb]<\/p>\n<h1>S\u00edndrome rotuliano doloroso y inestabilidad<\/h1>\n<p>[\/et_pb_text][\/et_pb_column][\/et_pb_row][\/et_pb_section][et_pb_section fb_built=\u00bb1&#8243; admin_label=\u00bbHero\u00bb _builder_version=\u00bb3.22&#8243; custom_padding=\u00bb70px|0px|70px|0px|true|false\u00bb bottom_divider_height=\u00bb0px\u00bb global_colors_info=\u00bb{}\u00bb][et_pb_row column_structure=\u00bb1_4,3_4&#8243; use_custom_gutter=\u00bbon\u00bb gutter_width=\u00bb2&#8243; _builder_version=\u00bb4.14.8&#8243; _module_preset=\u00bbdefault\u00bb global_colors_info=\u00bb{}\u00bb][et_pb_column type=\u00bb1_4&#8243; _builder_version=\u00bb4.14.8&#8243; _module_preset=\u00bbdefault\u00bb background_color=\u00bb#028DD1&#8243; custom_padding=\u00bb20px|20px|20px|20px|true|true\u00bb border_radii=\u00bbon|25px|25px|25px|25px\u00bb global_colors_info=\u00bb{}\u00bb][et_pb_text _builder_version=\u00bb4.14.8&#8243; _module_preset=\u00bb61514fbe-8f08-48e0-a704-1a8052eef58f\u00bb text_text_color=\u00bb#FFFFFF\u00bb header_2_text_color=\u00bb#FFFFFF\u00bb header_2_font_size=\u00bb30px\u00bb text_orientation=\u00bbleft\u00bb global_colors_info=\u00bb{}\u00bb]<\/p>\n<h2>\u00bfQu\u00e9 es la r\u00f3tula?<\/h2>\n<p>Es un hueso de la articulaci\u00f3n de la rodilla que se encuentra intercalado en el trayecto del tend\u00f3n del m\u00fasculo cu\u00e1driceps femoral, llamado ligamento rotuliano, entre la r\u00f3tula y la tibia.[\/et_pb_text][\/et_pb_column][et_pb_column type=\u00bb3_4&#8243; _builder_version=\u00bb4.14.8&#8243; _module_preset=\u00bbdefault\u00bb global_colors_info=\u00bb{}\u00bb][et_pb_text _builder_version=\u00bb4.14.8&#8243; _module_preset=\u00bbdefault\u00bb text_orientation=\u00bbleft\u00bb max_width=\u00bb800px\u00bb custom_margin=\u00bb||35px||false|false\u00bb global_colors_info=\u00bb{}\u00bb]<\/p>\n<h2>S\u00edndrome rotuliano doloroso<\/h2>\n<h3>\u00bfPor qu\u00e9 me duele la r\u00f3tula?<\/h3>\n<p>Es uno de los motivos de consulta m\u00e1s frecuentes en traumatolog\u00eda.<\/p>\n<p>El dolor en el s\u00edndrome rotuliano doloroso o s\u00edndrome de dolor anterior de rodilla o s\u00edndrome f\u00e9moro-patelar es de origen multifactorial (microtraumatismos de repetici\u00f3n, atrofia muscular, displasia troclear&#8230;).<\/p>\n<p>Es caracter\u00edstico tener dolor al subir y bajar escaleras, al arrodillarse o despu\u00e9s de estar sentado durante un tiempo prolongado con las piernas encogidas.<\/p>\n<p>Adem\u00e1s de una exhaustiva exploraci\u00f3n f\u00edsica, completaremos el estudio con radiograf\u00edas de la rodilla y una resonancia magn\u00e9tica. Una de las principales causas de dolor es la condromal\u00e1cea rotuliana.<\/p>\n<h3>\u00bfQu\u00e9 puedo hacer para mejorar el dolor?<\/h3>\n<p>No existe un tratamiento definitivo que permita \u00abcurar\u00bb completamente el dolor.<\/p>\n<p>Medidas posturales, evitar subir-bajar escaleras son recomendaciones cl\u00e1sicas para intentar disminuir el dolor.<\/p>\n<p>Se recomiendan ejercicios de rehabilitaci\u00f3n enfocados a disminuir el proceso inflamatorio y potenciar la musculatura del cu\u00e1driceps. Los ejercicios isom\u00e9tricos y de cadena cin\u00e9tica cerrada son los m\u00e1s recomendados.<\/p>\n<p>Como medidas generales, se recomiendan los antiinflamatorios no esteroidales, el hielo y el reposo deportivo, adem\u00e1s de los ejercicios previamente citados.<\/p>\n<p>Los condroprotectores, las infiltraciones con \u00e1cido hialur\u00f3nico o PRP mejoran la cl\u00ednica (dolor, movilidad, crujidos) pero no existe evidencia de regeneraci\u00f3n del cart\u00edlago da\u00f1ado.[\/et_pb_text][et_pb_text _builder_version=\u00bb4.14.8&#8243; _module_preset=\u00bbdefault\u00bb text_orientation=\u00bbleft\u00bb max_width=\u00bb800px\u00bb global_colors_info=\u00bb{}\u00bb]<\/p>\n<h2><strong>Inestabilidad rotuliana<\/strong><\/h2>\n<h3>\u00bfCu\u00e1ndo debo considerar que tengo una inestabilidad rotuliana?<\/h3>\n<p>Estamos ante una inestabilidad rotuliana cuando la r\u00f3tula ha salido de su situaci\u00f3n correcta (se ha luxado) y deja de estar centrada en la tr\u00f3clea femoral.<\/p>\n<p>Ante un primer episodio de luxaci\u00f3n, el tratamiento consiste en inmovilizar la rodilla en extensi\u00f3n, permitiendo la carga parcial de la extremidad durante 2 a 3 semanas. En un porcentaje elevado de casos, la cicatrizaci\u00f3n conseguida es suficiente para que no se vuelva a producir ning\u00fan episodio de luxaci\u00f3n nuevo. Es necesario completar el tratamiento con una pauta de ejercicios de rehabilitaci\u00f3n.<\/p>\n<h3>Valoraci\u00f3n de la inestabilidad rotuliana<\/h3>\n<p>En caso de haber sufrido varios episodios de luxaci\u00f3n de r\u00f3tula, se recomienda la correcci\u00f3n quir\u00fargica del (o de los) par\u00e1metros anat\u00f3mico alterado adem\u00e1s de la reconstrucci\u00f3n del ligamento patelo-femoral medial que se lesiona de forma sistem\u00e1tica en luxaciones de r\u00f3tula.<\/p>\n<p>Con la ayuda de unas radiograf\u00edas y de un TAC de la rodilla, podremos decidir los diferentes gestos quir\u00fargicos que deberemos hacer para devolver la estabilidad a la rodilla.<\/p>\n<p>El tratamiento postoperatorio con rehabilitaci\u00f3n es fundamental para conseguir una completa movilidad de la rodilla y recuperaci\u00f3n de la musculatura.[\/et_pb_text][\/et_pb_column][\/et_pb_row][\/et_pb_section][et_pb_section fb_built=\u00bb1&#8243; admin_label=\u00bbFAQ\u00bb module_id=\u00bbformulario\u00bb _builder_version=\u00bb4.14.8&#8243; background_color=\u00bb#F4F4F4&#8243; custom_margin=\u00bb|||\u00bb custom_padding=\u00bb35px|0|35px|0px|true|false\u00bb global_colors_info=\u00bb{}\u00bb][et_pb_row column_structure=\u00bb1_5,3_5,1_5&#8243; _builder_version=\u00bb4.14.8&#8243; custom_margin=\u00bb31px|auto||auto||\u00bb custom_padding=\u00bb16px|||||\u00bb global_colors_info=\u00bb{}\u00bb][et_pb_column type=\u00bb1_5&#8243; _builder_version=\u00bb3.25&#8243; custom_padding=\u00bb|||\u00bb global_colors_info=\u00bb{}\u00bb custom_padding__hover=\u00bb|||\u00bb][\/et_pb_column][et_pb_column type=\u00bb3_5&#8243; _builder_version=\u00bb3.25&#8243; custom_padding=\u00bb|||\u00bb global_colors_info=\u00bb{}\u00bb custom_padding__hover=\u00bb|||\u00bb][et_pb_text _builder_version=\u00bb4.14.8&#8243; _module_preset=\u00bbdefault\u00bb header_2_text_align=\u00bbleft\u00bb position_origin_a_tablet=\u00bb\u00bb position_origin_a_phone=\u00bb\u00bb position_origin_a_last_edited=\u00bbon|phone\u00bb position_origin_f_tablet=\u00bb\u00bb position_origin_f_phone=\u00bb\u00bb position_origin_f_last_edited=\u00bbon|desktop\u00bb position_origin_r_tablet=\u00bb\u00bb position_origin_r_phone=\u00bb\u00bb position_origin_r_last_edited=\u00bbon|desktop\u00bb width=\u00bb100%\u00bb custom_margin_tablet=\u00bb\u00bb custom_margin_phone=\u00bb\u00bb custom_margin_last_edited=\u00bbon|desktop\u00bb positioning_tablet=\u00bbabsolute\u00bb positioning_phone=\u00bbabsolute\u00bb positioning_last_edited=\u00bbon|desktop\u00bb global_colors_info=\u00bb{}\u00bb]<\/p>\n<h2>Contacta con nosotros<\/h2>\n<p>[\/et_pb_text][et_pb_code _builder_version=\u00bb4.14.8&#8243; _module_preset=\u00bbdefault\u00bb global_colors_info=\u00bb{}\u00bb]<script type=\"text\/javascript\">var gform;gform||(document.addEventListener(\"gform_main_scripts_loaded\",function(){gform.scriptsLoaded=!0}),window.addEventListener(\"DOMContentLoaded\",function(){gform.domLoaded=!0}),gform={domLoaded:!1,scriptsLoaded:!1,initializeOnLoaded:function(o){gform.domLoaded&&gform.scriptsLoaded?o():!gform.domLoaded&&gform.scriptsLoaded?window.addEventListener(\"DOMContentLoaded\",o):document.addEventListener(\"gform_main_scripts_loaded\",o)},hooks:{action:{},filter:{}},addAction:function(o,n,r,t){gform.addHook(\"action\",o,n,r,t)},addFilter:function(o,n,r,t){gform.addHook(\"filter\",o,n,r,t)},doAction:function(o){gform.doHook(\"action\",o,arguments)},applyFilters:function(o){return gform.doHook(\"filter\",o,arguments)},removeAction:function(o,n){gform.removeHook(\"action\",o,n)},removeFilter:function(o,n,r){gform.removeHook(\"filter\",o,n,r)},addHook:function(o,n,r,t,i){null==gform.hooks[o][n]&&(gform.hooks[o][n]=[]);var e=gform.hooks[o][n];null==i&&(i=n+\"_\"+e.length),gform.hooks[o][n].push({tag:i,callable:r,priority:t=null==t?10:t})},doHook:function(n,o,r){var t;if(r=Array.prototype.slice.call(r,1),null!=gform.hooks[n][o]&&((o=gform.hooks[n][o]).sort(function(o,n){return o.priority-n.priority}),o.forEach(function(o){\"function\"!=typeof(t=o.callable)&&(t=window[t]),\"action\"==n?t.apply(null,r):r[0]=t.apply(null,r)})),\"filter\"==n)return r[0]},removeHook:function(o,n,t,i){var r;null!=gform.hooks[o][n]&&(r=(r=gform.hooks[o][n]).filter(function(o,n,r){return!!(null!=i&&i!=o.tag||null!=t&&t!=o.priority)}),gform.hooks[o][n]=r)}});<\/script>\n                <div class='gf_browser_gecko gform_wrapper gravity-theme' id='gform_wrapper_1' ><div id='gf_1' class='gform_anchor' tabindex='-1'><\/div><form method='post' enctype='multipart\/form-data' target='gform_ajax_frame_1' id='gform_1'  action='\/es\/wp-json\/wp\/v2\/pages\/705#gf_1' >\n                        <div class='gform_body gform-body'><div id='gform_fields_1' class='gform_fields top_label form_sublabel_below description_below'><div id=\"field_1_9\"  class=\"gfield gfield--width-half gfield_contains_required field_sublabel_below field_description_below gfield_visibility_visible\"  data-js-reload=\"field_1_9\"><label class='gfield_label' for='input_1_9' >Nombre<span class=\"gfield_required\"><span class=\"gfield_required gfield_required_asterisk\">*<\/span><\/span><\/label><div class='ginput_container ginput_container_text'><input name='input_9' id='input_1_9' type='text' value='' class='large'     aria-required=\"true\" aria-invalid=\"false\"   \/> <\/div><\/div><div id=\"field_1_10\"  class=\"gfield gfield--width-half gfield_contains_required field_sublabel_below field_description_below gfield_visibility_visible\"  data-js-reload=\"field_1_10\"><label class='gfield_label' for='input_1_10' >Apellidos<span class=\"gfield_required\"><span class=\"gfield_required gfield_required_asterisk\">*<\/span><\/span><\/label><div class='ginput_container ginput_container_text'><input name='input_10' id='input_1_10' type='text' value='' class='large'     aria-required=\"true\" aria-invalid=\"false\"   \/> <\/div><\/div><div id=\"field_1_4\"  class=\"gfield gfield--width-half field_sublabel_below field_description_below gfield_visibility_visible\"  data-js-reload=\"field_1_4\"><label class='gfield_label' for='input_1_4' >Tel\u00e9fono<\/label><div class='ginput_container ginput_container_phone'><input name='input_4' id='input_1_4' type='text' value='' class='large'    aria-invalid=\"false\"   \/><\/div><\/div><div id=\"field_1_5\"  class=\"gfield gfield--width-half gfield_contains_required field_sublabel_below field_description_below gfield_visibility_visible\"  data-js-reload=\"field_1_5\"><label class='gfield_label' for='input_1_5' >Correo electr\u00f3nico<span class=\"gfield_required\"><span class=\"gfield_required gfield_required_asterisk\">*<\/span><\/span><\/label><div class='ginput_container ginput_container_email'>\n                            <input name='input_5' id='input_1_5' type='text' value='' class='large'    aria-required=\"true\" aria-invalid=\"false\"  \/>\n                        <\/div><\/div><div id=\"field_1_8\"  class=\"gfield gfield_contains_required field_sublabel_below field_description_below gfield_visibility_visible\"  data-js-reload=\"field_1_8\"><label class='gfield_label' for='input_1_8' >Tipo de consulta<span class=\"gfield_required\"><span class=\"gfield_required gfield_required_asterisk\">*<\/span><\/span><\/label><div class='ginput_container ginput_container_select'><select name='input_8' id='input_1_8' class='large gfield_select'    aria-required=\"true\" aria-invalid=\"false\" ><option value='' selected='selected' class='gf_placeholder'>Selecciona<\/option><option value='v\u00eddeo' >Videoconsulta<\/option><option value='presencial' >Consulta presencial<\/option><\/select><\/div><\/div><div id=\"field_1_6\"  class=\"gfield gfield_contains_required field_sublabel_below field_description_below gfield_visibility_visible\"  data-js-reload=\"field_1_6\"><label class='gfield_label' for='input_1_6' >Mensaje<span class=\"gfield_required\"><span class=\"gfield_required gfield_required_asterisk\">*<\/span><\/span><\/label><div class='ginput_container ginput_container_textarea'><textarea name='input_6' id='input_1_6' class='textarea large'     aria-required=\"true\" aria-invalid=\"false\"   rows='10' cols='50'><\/textarea><\/div><\/div><fieldset id=\"field_1_11\"  class=\"gfield gfield--width-full gfield_contains_required field_sublabel_below field_description_below hidden_label gfield_visibility_visible\"  data-js-reload=\"field_1_11\"><legend class='gfield_label gfield_label_before_complex'  >Consent<span class=\"gfield_required\"><span class=\"gfield_required gfield_required_asterisk\">*<\/span><\/span><\/legend><div class='ginput_container ginput_container_consent'><input name='input_11.1' id='input_1_11_1' type='checkbox' value='1'  aria-describedby=\"gfield_consent_description_1_11 gfield_description_1_11\" aria-required=\"true\" aria-invalid=\"false\"   \/> <label class=\"gfield_consent_label\" for='input_1_11_1' >He le\u00eddo y acepto la <a href=\"https:\/\/institutdelgenoll.com\/es\/aviso-legal-politica-privacidad\/\" target=\"_blank\">pol\u00edtica de privacitat.<\/a><\/label><span class=\"gfield_required gfield_required_asterisk\">*<\/span><input type='hidden' name='input_11.2' value='He le\u00eddo y acepto la &lt;a href=&quot;https:\/\/institutdelgenoll.com\/es\/aviso-legal-politica-privacidad\/&quot; target=&quot;_blank&quot;&gt;pol\u00edtica de privacitat.&lt;\/a&gt;' class='gform_hidden' \/><input type='hidden' name='input_11.3' value='2' class='gform_hidden' \/><\/div><div class='gfield_description gfield_consent_description' id='gfield_consent_description_1_11'>INFORMACI\u00d3N B\u00c1SICA SOBRE PROTECCI\u00d3N DE DATOS<br \/>\r\n<br \/>\r\nResponsable del tratamiento: Christian Yela<br \/>\r\nFinalidad del tratamiento: Mantener una relaci\u00f3n con el Usuario y enviar el bolet\u00edn de noticias.<br \/>\r\nLegitimaci\u00f3n del tratamiento: Inter\u00e9s leg\u00edtimo y consentimiento del interesado\/a.<br \/>\r\nConservaci\u00f3n de los datos: Se conservar\u00e1n durante el tiempo que exista un inter\u00e9s mutuo o durante el tiempo que sea necesario para el cumplimiento de obligaciones legales.<br \/>\r\nDestinatarios: Prestadores de servicios o colaboradores.<br \/>\r\nDerechos: Derecho a retirar su consentimiento en cualquier momento. Derecho de acceso, rectificaci\u00f3n, portabilidad y supresi\u00f3n de sus datos y de la limitaci\u00f3n u oposici\u00f3n a su tratamiento.<br \/>\r\nDatos de contacto para ejercer tus derechos: <a href=\"mailto:dryela@institutdelgenoll.com\">dryela@institutdelgenoll.com<\/a><br \/>\r\nInformaci\u00f3n adicional: Puede encontrar m\u00e1s informaci\u00f3n en nuestra Pol\u00edtica de Privacidad.<\/div><\/fieldset><fieldset id=\"field_1_12\"  class=\"gfield gfield--width-full gfield_contains_required field_sublabel_below field_description_below hidden_label gfield_visibility_visible\"  data-js-reload=\"field_1_12\"><legend class='gfield_label gfield_label_before_complex'  >Consent<span class=\"gfield_required\"><span class=\"gfield_required gfield_required_asterisk\">*<\/span><\/span><\/legend><div class='ginput_container ginput_container_consent'><input name='input_12.1' id='input_1_12_1' type='checkbox' value='1'   aria-required=\"true\" aria-invalid=\"false\"   \/> <label class=\"gfield_consent_label\" for='input_1_12_1' >Autorizo el env\u00edo de la informaci\u00f3n<\/label><span class=\"gfield_required gfield_required_asterisk\">*<\/span><input type='hidden' name='input_12.2' value='Autorizo el env\u00edo de la informaci\u00f3n' class='gform_hidden' \/><input type='hidden' name='input_12.3' value='2' class='gform_hidden' \/><\/div><\/fieldset><\/div><\/div>\n        <div class='gform_footer top_label'> <input type='submit' id='gform_submit_button_1' class='gform_button button' value='Enviar'  onclick='if(window[\"gf_submitting_1\"]){return false;}  window[\"gf_submitting_1\"]=true;  ' onkeypress='if( event.keyCode == 13 ){ if(window[\"gf_submitting_1\"]){return false;} window[\"gf_submitting_1\"]=true;  jQuery(\"#gform_1\").trigger(\"submit\",[true]); }' \/> <input type='hidden' name='gform_ajax' value='form_id=1&amp;title=&amp;description=&amp;tabindex=0' \/>\n            <input type='hidden' class='gform_hidden' name='is_submit_1' value='1' \/>\n            <input type='hidden' class='gform_hidden' name='gform_submit' value='1' \/>\n            \n            <input type='hidden' class='gform_hidden' name='gform_unique_id' value='' \/>\n            <input type='hidden' class='gform_hidden' name='state_1' value='WyJ7XCIxMS4xXCI6XCJmMzFkNjQ0MjllNWNjNmNjMWUyYTA3ZmY3NWQ0ZGUxN1wiLFwiMTEuMlwiOlwiNTAyMTUyMWM0Njg0NGU2ZTVjZTQ0MWM4Njc1ZDZjNjBcIixcIjExLjNcIjpcIjMzOWJkY2Y1MGJiOGFiZDU1MzRiYjBkYjJlOTExYzFkXCIsXCIxMi4xXCI6XCJmMzFkNjQ0MjllNWNjNmNjMWUyYTA3ZmY3NWQ0ZGUxN1wiLFwiMTIuMlwiOlwiNjljYzQ3YmE4MDE0YWI1OWI3ODk5ZjY3ZmZlYjM3MGJcIixcIjEyLjNcIjpcIjMzOWJkY2Y1MGJiOGFiZDU1MzRiYjBkYjJlOTExYzFkXCJ9IiwiOWVlNTk3MjVmNDY1NjUwNDFhZDNiMDY4YzQ4NWQwYTYiXQ==' \/>\n            <input type='hidden' class='gform_hidden' name='gform_target_page_number_1' id='gform_target_page_number_1' value='0' \/>\n            <input type='hidden' class='gform_hidden' name='gform_source_page_number_1' id='gform_source_page_number_1' value='1' \/>\n            <input type='hidden' name='gform_field_values' value='' \/>\n            \n        <\/div>\n                        <\/form>\n                        <\/div>\n                <iframe style='display:none;width:0px;height:0px;' src='about:blank' name='gform_ajax_frame_1' id='gform_ajax_frame_1' title='Este iframe contiene la l\u00f3gica necesaria para gestionar formularios con ajax activado.'><\/iframe>\n                <script type=\"text\/javascript\">\ngform.initializeOnLoaded( function() {gformInitSpinner( 1, 'https:\/\/institutdelgenoll.com\/wp-content\/plugins\/gravityforms\/images\/spinner.svg' );jQuery('#gform_ajax_frame_1').on('load',function(){var contents = jQuery(this).contents().find('*').html();var is_postback = contents.indexOf('GF_AJAX_POSTBACK') >= 0;if(!is_postback){return;}var form_content = jQuery(this).contents().find('#gform_wrapper_1');var is_confirmation = jQuery(this).contents().find('#gform_confirmation_wrapper_1').length > 0;var is_redirect = contents.indexOf('gformRedirect(){') >= 0;var is_form = form_content.length > 0 && ! is_redirect && ! is_confirmation;var mt = parseInt(jQuery('html').css('margin-top'), 10) + parseInt(jQuery('body').css('margin-top'), 10) + 100;if(is_form){jQuery('#gform_wrapper_1').html(form_content.html());if(form_content.hasClass('gform_validation_error')){jQuery('#gform_wrapper_1').addClass('gform_validation_error');} else {jQuery('#gform_wrapper_1').removeClass('gform_validation_error');}setTimeout( function() { \/* delay the scroll by 50 milliseconds to fix a bug in chrome *\/ jQuery(document).scrollTop(jQuery('#gform_wrapper_1').offset().top - mt); }, 50 );if(window['gformInitDatepicker']) {gformInitDatepicker();}if(window['gformInitPriceFields']) {gformInitPriceFields();}var current_page = jQuery('#gform_source_page_number_1').val();gformInitSpinner( 1, 'https:\/\/institutdelgenoll.com\/wp-content\/plugins\/gravityforms\/images\/spinner.svg' );jQuery(document).trigger('gform_page_loaded', [1, current_page]);window['gf_submitting_1'] = false;}else if(!is_redirect){var confirmation_content = jQuery(this).contents().find('.GF_AJAX_POSTBACK').html();if(!confirmation_content){confirmation_content = contents;}setTimeout(function(){jQuery('#gform_wrapper_1').replaceWith(confirmation_content);jQuery(document).scrollTop(jQuery('#gf_1').offset().top - mt);jQuery(document).trigger('gform_confirmation_loaded', [1]);window['gf_submitting_1'] = false;wp.a11y.speak(jQuery('#gform_confirmation_message_1').text());}, 50);}else{jQuery('#gform_1').append(contents);if(window['gformRedirect']) {gformRedirect();}}jQuery(document).trigger('gform_post_render', [1, current_page]);} );} );\n<\/script>\n<!-- [et_pb_line_break_holder] -->[\/et_pb_code][\/et_pb_column][et_pb_column type=\u00bb1_5&#8243; _builder_version=\u00bb3.25&#8243; custom_padding=\u00bb|||\u00bb global_colors_info=\u00bb{}\u00bb custom_padding__hover=\u00bb|||\u00bb][\/et_pb_column][\/et_pb_row][\/et_pb_section]<\/p>\n","protected":false},"excerpt":{"rendered":"<p>S\u00edndrome rotuliano doloroso y inestabilidad\u00bfQu\u00e9 es la r\u00f3tula? Es un hueso de la articulaci\u00f3n de la rodilla que se encuentra intercalado en el trayecto del tend\u00f3n del m\u00fasculo cu\u00e1driceps femoral, llamado ligamento rotuliano, entre la r\u00f3tula y la tibia.S\u00edndrome rotuliano doloroso \u00bfPor qu\u00e9 me duele la r\u00f3tula? Es uno de los motivos de consulta m\u00e1s [&hellip;]<\/p>\n","protected":false},"author":1,"featured_media":0,"parent":0,"menu_order":0,"comment_status":"closed","ping_status":"closed","template":"","meta":{"_et_pb_use_builder":"on","_et_pb_old_content":"","_et_gb_content_width":"","footnotes":""},"_links":{"self":[{"href":"https:\/\/institutdelgenoll.com\/es\/wp-json\/wp\/v2\/pages\/705"}],"collection":[{"href":"https:\/\/institutdelgenoll.com\/es\/wp-json\/wp\/v2\/pages"}],"about":[{"href":"https:\/\/institutdelgenoll.com\/es\/wp-json\/wp\/v2\/types\/page"}],"author":[{"embeddable":true,"href":"https:\/\/institutdelgenoll.com\/es\/wp-json\/wp\/v2\/users\/1"}],"replies":[{"embeddable":true,"href":"https:\/\/institutdelgenoll.com\/es\/wp-json\/wp\/v2\/comments?post=705"}],"version-history":[{"count":4,"href":"https:\/\/institutdelgenoll.com\/es\/wp-json\/wp\/v2\/pages\/705\/revisions"}],"predecessor-version":[{"id":709,"href":"https:\/\/institutdelgenoll.com\/es\/wp-json\/wp\/v2\/pages\/705\/revisions\/709"}],"wp:attachment":[{"href":"https:\/\/institutdelgenoll.com\/es\/wp-json\/wp\/v2\/media?parent=705"}],"curies":[{"name":"wp","href":"https:\/\/api.w.org\/{rel}","templated":true}]}}