{"id":711,"date":"2022-04-01T10:22:59","date_gmt":"2022-04-01T09:22:59","guid":{"rendered":"https:\/\/institutdelgenoll.com\/lesiones-meniscales\/"},"modified":"2022-04-28T10:07:47","modified_gmt":"2022-04-28T09:07:47","slug":"lesiones-meniscales","status":"publish","type":"page","link":"https:\/\/institutdelgenoll.com\/es\/lesiones-meniscales\/","title":{"rendered":"Lesiones meniscales"},"content":{"rendered":"<p>[et_pb_section fb_built=\u00bb1&#8243; admin_label=\u00bbHero\u00bb _builder_version=\u00bb4.14.8&#8243; background_color=\u00bb#f1f5f7&#8243; custom_padding=\u00bb70px|0px|70px|0px|true|false\u00bb bottom_divider_height=\u00bb0px\u00bb border_radii=\u00bboff|||300px|\u00bb global_colors_info=\u00bb{}\u00bb][et_pb_row _builder_version=\u00bb3.25&#8243; custom_margin=\u00bb|||\u00bb custom_margin_tablet=\u00bb||0px|\u00bb custom_margin_last_edited=\u00bboff|desktop\u00bb custom_padding=\u00bb|||\u00bb global_colors_info=\u00bb{}\u00bb][et_pb_column type=\u00bb4_4&#8243; _builder_version=\u00bb3.25&#8243; custom_padding=\u00bb|||\u00bb custom_padding_tablet=\u00bb0px|50px|50px|50px\u00bb custom_padding_last_edited=\u00bboff|desktop\u00bb global_colors_info=\u00bb{}\u00bb padding_tablet=\u00bb0px|50px|50px|50px\u00bb padding_last_edited=\u00bboff|desktop\u00bb custom_padding__hover=\u00bb|||\u00bb][et_pb_text _builder_version=\u00bb4.14.8&#8243; text_font=\u00bb|700||on|||||\u00bb text_text_color=\u00bb#677a92&#8243; text_line_height=\u00bb1.8em\u00bb header_font=\u00bb|800|||||||\u00bb header_font_size=\u00bb50px\u00bb header_2_font=\u00bb||||||||\u00bb max_width=\u00bb750px\u00bb custom_margin=\u00bb||0px||false|false\u00bb custom_margin_tablet=\u00bb0px|50px||50px\u00bb custom_margin_phone=\u00bb|20px||\u00bb custom_margin_last_edited=\u00bboff|desktop\u00bb text_line_height_tablet=\u00bb1.8em\u00bb text_line_height_phone=\u00bb1.8em\u00bb text_line_height_last_edited=\u00bbon|phone\u00bb header_font_size_tablet=\u00bb\u00bb header_font_size_phone=\u00bb36px\u00bb header_font_size_last_edited=\u00bbon|phone\u00bb header_2_font_size_last_edited=\u00bboff|desktop\u00bb locked=\u00bboff\u00bb global_colors_info=\u00bb{}\u00bb]<\/p>\n<h1>Lesiones Meniscales<\/h1>\n<p>[\/et_pb_text][\/et_pb_column][\/et_pb_row][\/et_pb_section][et_pb_section fb_built=\u00bb1&#8243; admin_label=\u00bbHero\u00bb _builder_version=\u00bb3.22&#8243; custom_padding=\u00bb70px|0px|70px|0px|true|false\u00bb bottom_divider_height=\u00bb0px\u00bb global_colors_info=\u00bb{}\u00bb][et_pb_row column_structure=\u00bb1_4,3_4&#8243; use_custom_gutter=\u00bbon\u00bb gutter_width=\u00bb2&#8243; _builder_version=\u00bb4.14.8&#8243; _module_preset=\u00bbdefault\u00bb global_colors_info=\u00bb{}\u00bb][et_pb_column type=\u00bb1_4&#8243; _builder_version=\u00bb4.14.8&#8243; _module_preset=\u00bbdefault\u00bb background_color=\u00bb#028DD1&#8243; custom_padding=\u00bb20px|20px|20px|20px|true|true\u00bb border_radii=\u00bbon|25px|25px|25px|25px\u00bb global_colors_info=\u00bb{}\u00bb][et_pb_text _builder_version=\u00bb4.14.8&#8243; _module_preset=\u00bb61514fbe-8f08-48e0-a704-1a8052eef58f\u00bb text_text_color=\u00bb#FFFFFF\u00bb header_2_text_color=\u00bb#FFFFFF\u00bb header_2_font_size=\u00bb30px\u00bb text_orientation=\u00bbleft\u00bb global_colors_info=\u00bb{}\u00bb]<\/p>\n<h2>\u00bfQu\u00e9 es un menisco?<\/h2>\n<p>Los meniscos son estructuras fibrocartilaginosas situadas entre el f\u00e9mur y la tibia. Tenemos un menisco interno y un menisco externo en cada rodilla. Tienen varias funciones muy importantes para el buen funcionamiento de la rodilla: transmiten cargas, protegen los cart\u00edlagos y dotan a la articulaci\u00f3n de estabilidad.[\/et_pb_text][\/et_pb_column][et_pb_column type=\u00bb3_4&#8243; _builder_version=\u00bb4.14.8&#8243; _module_preset=\u00bbdefault\u00bb global_colors_info=\u00bb{}\u00bb][et_pb_text _builder_version=\u00bb4.14.8&#8243; _module_preset=\u00bbdefault\u00bb text_orientation=\u00bbleft\u00bb max_width=\u00bb800px\u00bb global_colors_info=\u00bb{}\u00bb]<\/p>\n<h2><strong>\u00bfC\u00f3<\/strong><strong>mo tratarlas?<\/strong><\/h2>\n<p><strong>No todos las roturas meniscales son quir\u00fargicas<\/strong>. Existen dos tipos de roturas meniscales:<\/p>\n<ul>\n<li>Las roturas que afectan a pacientes j\u00f3venes y que est\u00e1n relacionadas con lesiones deportivas.<\/li>\n<li>Las roturas degenerativas o por desgaste que afectan mayoritariamente a pacientes de mayor edad y que no necesariamente tienen relaci\u00f3n con un accidente deportivo.<\/li>\n<\/ul>\n<p>Para decidir si debe tratarse quir\u00fargicamente, debe tenerse en cuenta el grado de dolor que produce la lesi\u00f3n, el grado de limitaci\u00f3n que produce y las expectativas de cada uno (tanto a nivel profesional como deportivo).[\/et_pb_text][et_pb_text _builder_version=\u00bb4.14.8&#8243; _module_preset=\u00bbdefault\u00bb text_orientation=\u00bbleft\u00bb max_width=\u00bb800px\u00bb hover_enabled=\u00bb0&#8243; global_colors_info=\u00bb{}\u00bb sticky_enabled=\u00bb0&#8243;]<\/p>\n<h3><strong>Tratamiento sin pasar per quir\u00f3fano<\/strong><\/h3>\n<ul>\n<li><strong>Terapia con plasma rico en plaquetas (PRP)<\/strong>: su principal funci\u00f3n es disminuir el dolor, pero no ha demostrado claramente una regeneraci\u00f3n del tejido lesionado.<\/li>\n<li>El <strong>\u00e1cido hialur\u00f3nico<\/strong>: su objetivo no ser\u00e1 curar la lesi\u00f3n meniscal. Sin embargo, en el caso de las lesiones degenerativas, que suelen estar acompa\u00f1adas de degeneraci\u00f3n del cart\u00edlago, ofrece una terapia antiinflamatoria y de lubricaci\u00f3n de la articulaci\u00f3n, que permite una mejora funcional de la rodilla.<\/li>\n<\/ul>\n<p>[\/et_pb_text][et_pb_text _builder_version=\u00bb4.14.8&#8243; _module_preset=\u00bbdefault\u00bb text_orientation=\u00bbleft\u00bb max_width=\u00bb800px\u00bb global_colors_info=\u00bb{}\u00bb]<\/p>\n<h3><strong>Tratamiento por artrosc\u00f3pia<\/strong><\/h3>\n<ul>\n<li><strong>Reparaci\u00f3n de la rotura o sutura del menisco<\/strong>: consiste en coser el menisco mediante el uso de sistemas que permiten realizar la t\u00e9cnica sin tener que abrir la rodilla. No todas las roturas pueden ser reparadas, depender\u00e1 de la zona del menisco afectado<\/li>\n<\/ul>\n<p>La ventaja de la t\u00e9cnica es la preservaci\u00f3n del tejido meniscal que, como se ha mencionado previamente, es primordial para la conservaci\u00f3n de la articulaci\u00f3n. El postoperatorio deber\u00e1 adaptarse a la t\u00e9cnica quir\u00fargica.<\/p>\n<ul>\n<li><strong>Regularizaci\u00f3n de la rotura<\/strong>: consiste en \u00abcomer\u00bb la zona rota. Limpiaremos toda la zona afectada con el objetivo de mantener \u00fanicamente tejido meniscal sano.<\/li>\n<\/ul>\n<p>El tiempo de recuperaci\u00f3n es menor que el de las reparaciones y permite volver a la actividad habitual de forma natural, sin limitaciones[\/et_pb_text][et_pb_text _builder_version=\u00bb4.14.8&#8243; _module_preset=\u00bbdefault\u00bb text_orientation=\u00bbleft\u00bb max_width=\u00bb800px\u00bb custom_margin=\u00bb||35px||false|false\u00bb global_colors_info=\u00bb{}\u00bb]<\/p>\n<h2>\u00bfCu\u00e1ndo debo sospechar tener un menisco roto?<\/h2>\n<p>Al romperse producen mucho dolor, puede existir un derrame (l\u00edquido) dentro de la articulaci\u00f3n y, en ocasiones, puede existir un bloqueo de la rodilla. Posteriormente, el dolor se manifestar\u00e1 principalmente con giros de la rodilla con el pie fijo en el suelo o con movimientos de flexi\u00f3n m\u00e1xima de la rodilla.[\/et_pb_text][\/et_pb_column][\/et_pb_row][\/et_pb_section][et_pb_section fb_built=\u00bb1&#8243; admin_label=\u00bbFAQ\u00bb module_id=\u00bbformulario\u00bb _builder_version=\u00bb4.14.8&#8243; background_color=\u00bb#F4F4F4&#8243; custom_margin=\u00bb|||\u00bb custom_padding=\u00bb35px|0|35px|0px|true|false\u00bb global_colors_info=\u00bb{}\u00bb][et_pb_row column_structure=\u00bb1_5,3_5,1_5&#8243; _builder_version=\u00bb4.14.8&#8243; custom_margin=\u00bb31px|auto||auto||\u00bb custom_padding=\u00bb16px|||||\u00bb global_colors_info=\u00bb{}\u00bb][et_pb_column type=\u00bb1_5&#8243; _builder_version=\u00bb3.25&#8243; custom_padding=\u00bb|||\u00bb global_colors_info=\u00bb{}\u00bb custom_padding__hover=\u00bb|||\u00bb][\/et_pb_column][et_pb_column type=\u00bb3_5&#8243; _builder_version=\u00bb3.25&#8243; custom_padding=\u00bb|||\u00bb global_colors_info=\u00bb{}\u00bb custom_padding__hover=\u00bb|||\u00bb][et_pb_text _builder_version=\u00bb4.14.8&#8243; _module_preset=\u00bbdefault\u00bb header_2_text_align=\u00bbleft\u00bb position_origin_a_tablet=\u00bb\u00bb position_origin_a_phone=\u00bb\u00bb position_origin_a_last_edited=\u00bbon|phone\u00bb position_origin_f_tablet=\u00bb\u00bb position_origin_f_phone=\u00bb\u00bb position_origin_f_last_edited=\u00bbon|desktop\u00bb position_origin_r_tablet=\u00bb\u00bb position_origin_r_phone=\u00bb\u00bb position_origin_r_last_edited=\u00bbon|desktop\u00bb width=\u00bb100%\u00bb custom_margin_tablet=\u00bb\u00bb custom_margin_phone=\u00bb\u00bb custom_margin_last_edited=\u00bbon|desktop\u00bb positioning_tablet=\u00bbabsolute\u00bb positioning_phone=\u00bbabsolute\u00bb positioning_last_edited=\u00bbon|desktop\u00bb global_colors_info=\u00bb{}\u00bb]<\/p>\n<h2>Contacta con nosotros<\/h2>\n<p>[\/et_pb_text][et_pb_code _builder_version=\u00bb4.14.8&#8243; _module_preset=\u00bbdefault\u00bb global_colors_info=\u00bb{}\u00bb]<script type=\"text\/javascript\">var gform;gform||(document.addEventListener(\"gform_main_scripts_loaded\",function(){gform.scriptsLoaded=!0}),window.addEventListener(\"DOMContentLoaded\",function(){gform.domLoaded=!0}),gform={domLoaded:!1,scriptsLoaded:!1,initializeOnLoaded:function(o){gform.domLoaded&&gform.scriptsLoaded?o():!gform.domLoaded&&gform.scriptsLoaded?window.addEventListener(\"DOMContentLoaded\",o):document.addEventListener(\"gform_main_scripts_loaded\",o)},hooks:{action:{},filter:{}},addAction:function(o,n,r,t){gform.addHook(\"action\",o,n,r,t)},addFilter:function(o,n,r,t){gform.addHook(\"filter\",o,n,r,t)},doAction:function(o){gform.doHook(\"action\",o,arguments)},applyFilters:function(o){return gform.doHook(\"filter\",o,arguments)},removeAction:function(o,n){gform.removeHook(\"action\",o,n)},removeFilter:function(o,n,r){gform.removeHook(\"filter\",o,n,r)},addHook:function(o,n,r,t,i){null==gform.hooks[o][n]&&(gform.hooks[o][n]=[]);var e=gform.hooks[o][n];null==i&&(i=n+\"_\"+e.length),gform.hooks[o][n].push({tag:i,callable:r,priority:t=null==t?10:t})},doHook:function(n,o,r){var t;if(r=Array.prototype.slice.call(r,1),null!=gform.hooks[n][o]&&((o=gform.hooks[n][o]).sort(function(o,n){return o.priority-n.priority}),o.forEach(function(o){\"function\"!=typeof(t=o.callable)&&(t=window[t]),\"action\"==n?t.apply(null,r):r[0]=t.apply(null,r)})),\"filter\"==n)return r[0]},removeHook:function(o,n,t,i){var r;null!=gform.hooks[o][n]&&(r=(r=gform.hooks[o][n]).filter(function(o,n,r){return!!(null!=i&&i!=o.tag||null!=t&&t!=o.priority)}),gform.hooks[o][n]=r)}});<\/script>\n                <div class='gf_browser_gecko gform_wrapper gravity-theme' id='gform_wrapper_1' ><div id='gf_1' class='gform_anchor' tabindex='-1'><\/div><form method='post' enctype='multipart\/form-data' target='gform_ajax_frame_1' id='gform_1'  action='\/es\/wp-json\/wp\/v2\/pages\/711#gf_1' >\n                        <div class='gform_body gform-body'><div id='gform_fields_1' class='gform_fields top_label form_sublabel_below description_below'><div id=\"field_1_9\"  class=\"gfield gfield--width-half gfield_contains_required field_sublabel_below field_description_below gfield_visibility_visible\"  data-js-reload=\"field_1_9\"><label class='gfield_label' for='input_1_9' >Nombre<span class=\"gfield_required\"><span class=\"gfield_required gfield_required_asterisk\">*<\/span><\/span><\/label><div class='ginput_container ginput_container_text'><input name='input_9' id='input_1_9' type='text' value='' class='large'     aria-required=\"true\" aria-invalid=\"false\"   \/> <\/div><\/div><div id=\"field_1_10\"  class=\"gfield gfield--width-half gfield_contains_required field_sublabel_below field_description_below gfield_visibility_visible\"  data-js-reload=\"field_1_10\"><label class='gfield_label' for='input_1_10' >Apellidos<span class=\"gfield_required\"><span class=\"gfield_required gfield_required_asterisk\">*<\/span><\/span><\/label><div class='ginput_container ginput_container_text'><input name='input_10' id='input_1_10' type='text' value='' class='large'     aria-required=\"true\" aria-invalid=\"false\"   \/> <\/div><\/div><div id=\"field_1_4\"  class=\"gfield gfield--width-half field_sublabel_below field_description_below gfield_visibility_visible\"  data-js-reload=\"field_1_4\"><label class='gfield_label' for='input_1_4' >Tel\u00e9fono<\/label><div class='ginput_container ginput_container_phone'><input name='input_4' id='input_1_4' type='text' value='' class='large'    aria-invalid=\"false\"   \/><\/div><\/div><div id=\"field_1_5\"  class=\"gfield gfield--width-half gfield_contains_required field_sublabel_below field_description_below gfield_visibility_visible\"  data-js-reload=\"field_1_5\"><label class='gfield_label' for='input_1_5' >Correo electr\u00f3nico<span class=\"gfield_required\"><span class=\"gfield_required gfield_required_asterisk\">*<\/span><\/span><\/label><div class='ginput_container ginput_container_email'>\n                            <input name='input_5' id='input_1_5' type='text' value='' class='large'    aria-required=\"true\" aria-invalid=\"false\"  \/>\n                        <\/div><\/div><div id=\"field_1_8\"  class=\"gfield gfield_contains_required field_sublabel_below field_description_below gfield_visibility_visible\"  data-js-reload=\"field_1_8\"><label class='gfield_label' for='input_1_8' >Tipo de consulta<span class=\"gfield_required\"><span class=\"gfield_required gfield_required_asterisk\">*<\/span><\/span><\/label><div class='ginput_container ginput_container_select'><select name='input_8' id='input_1_8' class='large gfield_select'    aria-required=\"true\" aria-invalid=\"false\" ><option value='' selected='selected' class='gf_placeholder'>Selecciona<\/option><option value='v\u00eddeo' >Videoconsulta<\/option><option value='presencial' >Consulta presencial<\/option><\/select><\/div><\/div><div id=\"field_1_6\"  class=\"gfield gfield_contains_required field_sublabel_below field_description_below gfield_visibility_visible\"  data-js-reload=\"field_1_6\"><label class='gfield_label' for='input_1_6' >Mensaje<span class=\"gfield_required\"><span class=\"gfield_required gfield_required_asterisk\">*<\/span><\/span><\/label><div class='ginput_container ginput_container_textarea'><textarea name='input_6' id='input_1_6' class='textarea large'     aria-required=\"true\" aria-invalid=\"false\"   rows='10' cols='50'><\/textarea><\/div><\/div><fieldset id=\"field_1_11\"  class=\"gfield gfield--width-full gfield_contains_required field_sublabel_below field_description_below hidden_label gfield_visibility_visible\"  data-js-reload=\"field_1_11\"><legend class='gfield_label gfield_label_before_complex'  >Consent<span class=\"gfield_required\"><span class=\"gfield_required gfield_required_asterisk\">*<\/span><\/span><\/legend><div class='ginput_container ginput_container_consent'><input name='input_11.1' id='input_1_11_1' type='checkbox' value='1'  aria-describedby=\"gfield_consent_description_1_11 gfield_description_1_11\" aria-required=\"true\" aria-invalid=\"false\"   \/> <label class=\"gfield_consent_label\" for='input_1_11_1' >He le\u00eddo y acepto la <a href=\"https:\/\/institutdelgenoll.com\/es\/aviso-legal-politica-privacidad\/\" target=\"_blank\">pol\u00edtica de privacitat.<\/a><\/label><span class=\"gfield_required gfield_required_asterisk\">*<\/span><input type='hidden' name='input_11.2' value='He le\u00eddo y acepto la &lt;a href=&quot;https:\/\/institutdelgenoll.com\/es\/aviso-legal-politica-privacidad\/&quot; target=&quot;_blank&quot;&gt;pol\u00edtica de privacitat.&lt;\/a&gt;' class='gform_hidden' \/><input type='hidden' name='input_11.3' value='2' class='gform_hidden' \/><\/div><div class='gfield_description gfield_consent_description' id='gfield_consent_description_1_11'>INFORMACI\u00d3N B\u00c1SICA SOBRE PROTECCI\u00d3N DE DATOS<br \/>\r\n<br \/>\r\nResponsable del tratamiento: Christian Yela<br \/>\r\nFinalidad del tratamiento: Mantener una relaci\u00f3n con el Usuario y enviar el bolet\u00edn de noticias.<br \/>\r\nLegitimaci\u00f3n del tratamiento: Inter\u00e9s leg\u00edtimo y consentimiento del interesado\/a.<br \/>\r\nConservaci\u00f3n de los datos: Se conservar\u00e1n durante el tiempo que exista un inter\u00e9s mutuo o durante el tiempo que sea necesario para el cumplimiento de obligaciones legales.<br \/>\r\nDestinatarios: Prestadores de servicios o colaboradores.<br \/>\r\nDerechos: Derecho a retirar su consentimiento en cualquier momento. Derecho de acceso, rectificaci\u00f3n, portabilidad y supresi\u00f3n de sus datos y de la limitaci\u00f3n u oposici\u00f3n a su tratamiento.<br \/>\r\nDatos de contacto para ejercer tus derechos: <a href=\"mailto:dryela@institutdelgenoll.com\">dryela@institutdelgenoll.com<\/a><br \/>\r\nInformaci\u00f3n adicional: Puede encontrar m\u00e1s informaci\u00f3n en nuestra Pol\u00edtica de Privacidad.<\/div><\/fieldset><fieldset id=\"field_1_12\"  class=\"gfield gfield--width-full gfield_contains_required field_sublabel_below field_description_below hidden_label gfield_visibility_visible\"  data-js-reload=\"field_1_12\"><legend class='gfield_label gfield_label_before_complex'  >Consent<span class=\"gfield_required\"><span class=\"gfield_required gfield_required_asterisk\">*<\/span><\/span><\/legend><div class='ginput_container ginput_container_consent'><input name='input_12.1' id='input_1_12_1' type='checkbox' value='1'   aria-required=\"true\" aria-invalid=\"false\"   \/> <label class=\"gfield_consent_label\" for='input_1_12_1' >Autorizo el env\u00edo de la informaci\u00f3n<\/label><span class=\"gfield_required gfield_required_asterisk\">*<\/span><input type='hidden' name='input_12.2' value='Autorizo el env\u00edo de la informaci\u00f3n' class='gform_hidden' \/><input type='hidden' name='input_12.3' value='2' class='gform_hidden' \/><\/div><\/fieldset><\/div><\/div>\n        <div class='gform_footer top_label'> <input type='submit' id='gform_submit_button_1' class='gform_button button' value='Enviar'  onclick='if(window[\"gf_submitting_1\"]){return false;}  window[\"gf_submitting_1\"]=true;  ' onkeypress='if( event.keyCode == 13 ){ if(window[\"gf_submitting_1\"]){return false;} window[\"gf_submitting_1\"]=true;  jQuery(\"#gform_1\").trigger(\"submit\",[true]); }' \/> <input type='hidden' name='gform_ajax' value='form_id=1&amp;title=&amp;description=&amp;tabindex=0' \/>\n            <input type='hidden' class='gform_hidden' name='is_submit_1' value='1' \/>\n            <input type='hidden' class='gform_hidden' name='gform_submit' value='1' \/>\n            \n            <input type='hidden' class='gform_hidden' name='gform_unique_id' value='' \/>\n            <input type='hidden' class='gform_hidden' name='state_1' value='WyJ7XCIxMS4xXCI6XCJmMzFkNjQ0MjllNWNjNmNjMWUyYTA3ZmY3NWQ0ZGUxN1wiLFwiMTEuMlwiOlwiNTAyMTUyMWM0Njg0NGU2ZTVjZTQ0MWM4Njc1ZDZjNjBcIixcIjExLjNcIjpcIjMzOWJkY2Y1MGJiOGFiZDU1MzRiYjBkYjJlOTExYzFkXCIsXCIxMi4xXCI6XCJmMzFkNjQ0MjllNWNjNmNjMWUyYTA3ZmY3NWQ0ZGUxN1wiLFwiMTIuMlwiOlwiNjljYzQ3YmE4MDE0YWI1OWI3ODk5ZjY3ZmZlYjM3MGJcIixcIjEyLjNcIjpcIjMzOWJkY2Y1MGJiOGFiZDU1MzRiYjBkYjJlOTExYzFkXCJ9IiwiOWVlNTk3MjVmNDY1NjUwNDFhZDNiMDY4YzQ4NWQwYTYiXQ==' \/>\n            <input type='hidden' class='gform_hidden' name='gform_target_page_number_1' id='gform_target_page_number_1' value='0' \/>\n            <input type='hidden' class='gform_hidden' name='gform_source_page_number_1' id='gform_source_page_number_1' value='1' \/>\n            <input type='hidden' name='gform_field_values' value='' \/>\n            \n        <\/div>\n                        <\/form>\n                        <\/div>\n                <iframe style='display:none;width:0px;height:0px;' src='about:blank' name='gform_ajax_frame_1' id='gform_ajax_frame_1' title='Este iframe contiene la l\u00f3gica necesaria para gestionar formularios con ajax activado.'><\/iframe>\n                <script type=\"text\/javascript\">\ngform.initializeOnLoaded( function() {gformInitSpinner( 1, 'https:\/\/institutdelgenoll.com\/wp-content\/plugins\/gravityforms\/images\/spinner.svg' );jQuery('#gform_ajax_frame_1').on('load',function(){var contents = jQuery(this).contents().find('*').html();var is_postback = contents.indexOf('GF_AJAX_POSTBACK') >= 0;if(!is_postback){return;}var form_content = jQuery(this).contents().find('#gform_wrapper_1');var is_confirmation = jQuery(this).contents().find('#gform_confirmation_wrapper_1').length > 0;var is_redirect = contents.indexOf('gformRedirect(){') >= 0;var is_form = form_content.length > 0 && ! is_redirect && ! is_confirmation;var mt = parseInt(jQuery('html').css('margin-top'), 10) + parseInt(jQuery('body').css('margin-top'), 10) + 100;if(is_form){jQuery('#gform_wrapper_1').html(form_content.html());if(form_content.hasClass('gform_validation_error')){jQuery('#gform_wrapper_1').addClass('gform_validation_error');} else {jQuery('#gform_wrapper_1').removeClass('gform_validation_error');}setTimeout( function() { \/* delay the scroll by 50 milliseconds to fix a bug in chrome *\/ jQuery(document).scrollTop(jQuery('#gform_wrapper_1').offset().top - mt); }, 50 );if(window['gformInitDatepicker']) {gformInitDatepicker();}if(window['gformInitPriceFields']) {gformInitPriceFields();}var current_page = jQuery('#gform_source_page_number_1').val();gformInitSpinner( 1, 'https:\/\/institutdelgenoll.com\/wp-content\/plugins\/gravityforms\/images\/spinner.svg' );jQuery(document).trigger('gform_page_loaded', [1, current_page]);window['gf_submitting_1'] = false;}else if(!is_redirect){var confirmation_content = jQuery(this).contents().find('.GF_AJAX_POSTBACK').html();if(!confirmation_content){confirmation_content = contents;}setTimeout(function(){jQuery('#gform_wrapper_1').replaceWith(confirmation_content);jQuery(document).scrollTop(jQuery('#gf_1').offset().top - mt);jQuery(document).trigger('gform_confirmation_loaded', [1]);window['gf_submitting_1'] = false;wp.a11y.speak(jQuery('#gform_confirmation_message_1').text());}, 50);}else{jQuery('#gform_1').append(contents);if(window['gformRedirect']) {gformRedirect();}}jQuery(document).trigger('gform_post_render', [1, current_page]);} );} );\n<\/script>\n<!-- [et_pb_line_break_holder] -->[\/et_pb_code][\/et_pb_column][et_pb_column type=\u00bb1_5&#8243; _builder_version=\u00bb3.25&#8243; custom_padding=\u00bb|||\u00bb global_colors_info=\u00bb{}\u00bb custom_padding__hover=\u00bb|||\u00bb][\/et_pb_column][\/et_pb_row][\/et_pb_section]<\/p>\n","protected":false},"excerpt":{"rendered":"<p>Lesiones Meniscales\u00bfQu\u00e9 es un menisco? Los meniscos son estructuras fibrocartilaginosas situadas entre el f\u00e9mur y la tibia. Tenemos un menisco interno y un menisco externo en cada rodilla. Tienen varias funciones muy importantes para el buen funcionamiento de la rodilla: transmiten cargas, protegen los cart\u00edlagos y dotan a la articulaci\u00f3n de estabilidad.\u00bfC\u00f3mo tratarlas? No todos [&hellip;]<\/p>\n","protected":false},"author":1,"featured_media":0,"parent":0,"menu_order":0,"comment_status":"closed","ping_status":"closed","template":"","meta":{"_et_pb_use_builder":"on","_et_pb_old_content":"","_et_gb_content_width":"","footnotes":""},"_links":{"self":[{"href":"https:\/\/institutdelgenoll.com\/es\/wp-json\/wp\/v2\/pages\/711"}],"collection":[{"href":"https:\/\/institutdelgenoll.com\/es\/wp-json\/wp\/v2\/pages"}],"about":[{"href":"https:\/\/institutdelgenoll.com\/es\/wp-json\/wp\/v2\/types\/page"}],"author":[{"embeddable":true,"href":"https:\/\/institutdelgenoll.com\/es\/wp-json\/wp\/v2\/users\/1"}],"replies":[{"embeddable":true,"href":"https:\/\/institutdelgenoll.com\/es\/wp-json\/wp\/v2\/comments?post=711"}],"version-history":[{"count":4,"href":"https:\/\/institutdelgenoll.com\/es\/wp-json\/wp\/v2\/pages\/711\/revisions"}],"predecessor-version":[{"id":715,"href":"https:\/\/institutdelgenoll.com\/es\/wp-json\/wp\/v2\/pages\/711\/revisions\/715"}],"wp:attachment":[{"href":"https:\/\/institutdelgenoll.com\/es\/wp-json\/wp\/v2\/media?parent=711"}],"curies":[{"name":"wp","href":"https:\/\/api.w.org\/{rel}","templated":true}]}}